{"id":2534,"date":"2022-05-17T07:52:13","date_gmt":"2022-05-17T07:52:13","guid":{"rendered":"https:\/\/aerobnarekreacija.com\/?page_id=2534"},"modified":"2022-05-20T07:20:13","modified_gmt":"2022-05-20T07:20:13","slug":"blog","status":"publish","type":"page","link":"https:\/\/aerobnarekreacija.com\/?page_id=2534","title":{"rendered":"Blog"},"content":{"rendered":"\t\t<div data-elementor-type=\"wp-page\" data-elementor-id=\"2534\" class=\"elementor elementor-2534\">\n\t\t\t\t\t\t<section class=\"elementor-section elementor-top-section elementor-element elementor-element-a7a0812 elementor-section-boxed elementor-section-height-default elementor-section-height-default\" data-id=\"a7a0812\" data-element_type=\"section\" data-e-type=\"section\">\n\t\t\t\t\t\t<div class=\"elementor-container elementor-column-gap-default\">\n\t\t\t\t\t<div class=\"elementor-column elementor-col-100 elementor-top-column elementor-element elementor-element-93bdfde\" data-id=\"93bdfde\" data-element_type=\"column\" data-e-type=\"column\">\n\t\t\t<div class=\"elementor-widget-wrap elementor-element-populated\">\n\t\t\t\t\t\t<div class=\"elementor-element elementor-element-5f21d2d elementor-widget elementor-widget-ucaddon_uc_card_post_carousel\" data-id=\"5f21d2d\" data-element_type=\"widget\" data-e-type=\"widget\" data-widget_type=\"ucaddon_uc_card_post_carousel.default\">\n\t\t\t\t<div class=\"elementor-widget-container\">\n\t\t\t\t\t\n<!-- start Post Carousel Lite -->\n\t\t<link id='font-awesome-css' href='https:\/\/aerobnarekreacija.com\/wp-content\/plugins\/unlimited-elements-for-elementor\/assets_libraries\/font-awesome6\/fontawesome-all.min.css' type='text\/css' rel='stylesheet' >\n\t\t<link id='font-awesome-4-shim-css' href='https:\/\/aerobnarekreacija.com\/wp-content\/plugins\/unlimited-elements-for-elementor\/assets_libraries\/font-awesome6\/fontawesome-v4-shims.min.css' type='text\/css' rel='stylesheet' >\n\t\t<link id='owl-carousel-css' href='https:\/\/aerobnarekreacija.com\/wp-content\/plugins\/unlimited-elements-for-elementor\/assets_libraries\/owl-carousel-new\/assets\/owl.carousel.css' type='text\/css' rel='stylesheet' >\n\n<style>\/* widget: Post Carousel Lite *\/\n\n#uc_uc_card_post_carousel_elementor_5f21d2d *{\n  box-sizing:border-box;\n}\n#uc_uc_card_post_carousel_elementor_5f21d2d{\n  position:relative;\n  min-height:1px;\n}\n#uc_uc_card_post_carousel_elementor_5f21d2d .uc_image_carousel_content{\n\ttext-align:center;\n    display: flex;\n     flex-flow: column nowrap;\n}\n#uc_uc_card_post_carousel_elementor_5f21d2d .ue_post_carousel_item\n{\n  overflow:hidden;\n  \n}\n\n#uc_uc_card_post_carousel_elementor_5f21d2d .ue_post_btn_holder\n{\n  margin-top:auto;\n}\n\n#uc_uc_card_post_carousel_elementor_5f21d2d .uc_more_btn{\n\n  display:inline-block;\n  text-align:center;\n  text-decoration:none;\n} \n\n.uc_overlay_image_carousel .uc_more_btn{\n  text-decoration:none;\n  display:inline-block;\n}\n\n.uc_overlay_image_carousel .uc_post_title{\n  font-size:21px;\n  text-decoration:none;\n}\n\n#uc_uc_card_post_carousel_elementor_5f21d2d .owl-nav .owl-prev{\n    position:absolute;\n    display:inline-block;\n    text-align:center;\n}\n#uc_uc_card_post_carousel_elementor_5f21d2d .owl-nav .owl-next{\n  position:absolute;\n  display:inline-block;\n  text-align:center;\n}\n\n\n#uc_uc_card_post_carousel_elementor_5f21d2d .owl-dots {\noverflow:hidden;\ndisplay:true !important;\ntext-align:center;\n}\n\n#uc_uc_card_post_carousel_elementor_5f21d2d .owl-dot {\nborder-radius:50%;\ndisplay:inline-block;\n}\n\n<\/style>\n\n<div class=\"uc_overlay_image_carousel\" id=\"uc_uc_card_post_carousel_elementor_5f21d2d\" data-custom-sethtml=\"true\" >\n   <div class=\"uc_carousel owl-carousel owl-theme uc-items-wrapper\">\n   \t\t<div class=\"uc_image_carousel_container_holder ue_post_carousel_item\">\n  <div class=\"uc_image_carousel_placeholder\">\n    <a href=\"https:\/\/aerobnarekreacija.com\/?p=1\"><div style=\"background-image:url(https:\/\/aerobnarekreacija.com\/wp-content\/uploads\/ac_assets\/uc_card_post_carousel\/\/no-image.png); background-size:cover; background-position:center; height:200px;\"><\/div><\/a>\n  <\/div>\n\n  <div class=\"uc_image_carousel_content\" >\n    <div class=\"ue_post_category\"><a href=\"https:\/\/aerobnarekreacija.com\/?cat=1\">Uncategorized<\/a><\/div>    <div class=\"ue_post_date\">28 o\u017eujka 2022<\/div>    <a href=\"https:\/\/aerobnarekreacija.com\/?p=1\" style=\"text-decoration:none;\"><div class=\"uc_post_title\" style=\"text-decoration:none;\">Probica<\/div><\/a>    <div class=\"ue_post_intro\">Welcome to WordPress. This is your first post. Edit or delete it, then start writing!<\/div>    <div class=\"ue_post_btn_holder\"><a class=\"uc_more_btn\"  href=\"https:\/\/aerobnarekreacija.com\/?p=1\">Read More<\/a><\/div>  <\/div>\n<\/div>\n\n   <\/div>\t\n<\/div>\n<!-- end Post Carousel Lite -->\t\t\t\t<\/div>\n\t\t\t\t<\/div>\n\t\t\t\t\t<\/div>\n\t\t<\/div>\n\t\t\t\t\t<\/div>\n\t\t<\/section>\n\t\t\t\t<\/div>\n\t\t","protected":false},"excerpt":{"rendered":"<p>Uncategorized 28 o\u017eujka 2022 Probica Welcome to WordPress. This is your first post. Edit or delete it, then start writing! Read More<\/p>\n","protected":false},"author":1,"featured_media":0,"parent":0,"menu_order":0,"comment_status":"closed","ping_status":"closed","template":"","meta":{"ocean_post_layout":"","ocean_both_sidebars_style":"","ocean_both_sidebars_content_width":0,"ocean_both_sidebars_sidebars_width":0,"ocean_sidebar":"","ocean_second_sidebar":"","ocean_disable_margins":"enable","ocean_add_body_class":"","ocean_shortcode_before_top_bar":"","ocean_shortcode_after_top_bar":"","ocean_shortcode_before_header":"","ocean_shortcode_after_header":"","ocean_has_shortcode":"","ocean_shortcode_after_title":"","ocean_shortcode_before_footer_widgets":"","ocean_shortcode_after_footer_widgets":"","ocean_shortcode_before_footer_bottom":"","ocean_shortcode_after_footer_bottom":"","ocean_display_top_bar":"default","ocean_display_header":"default","ocean_header_style":"","ocean_center_header_left_menu":"","ocean_custom_header_template":"","ocean_custom_logo":0,"ocean_custom_retina_logo":0,"ocean_custom_logo_max_width":0,"ocean_custom_logo_tablet_max_width":0,"ocean_custom_logo_mobile_max_width":0,"ocean_custom_logo_max_height":0,"ocean_custom_logo_tablet_max_height":0,"ocean_custom_logo_mobile_max_height":0,"ocean_header_custom_menu":"","ocean_menu_typo_font_family":"","ocean_menu_typo_font_subset":"","ocean_menu_typo_font_size":0,"ocean_menu_typo_font_size_tablet":0,"ocean_menu_typo_font_size_mobile":0,"ocean_menu_typo_font_size_unit":"px","ocean_menu_typo_font_weight":"","ocean_menu_typo_font_weight_tablet":"","ocean_menu_typo_font_weight_mobile":"","ocean_menu_typo_transform":"","ocean_menu_typo_transform_tablet":"","ocean_menu_typo_transform_mobile":"","ocean_menu_typo_line_height":0,"ocean_menu_typo_line_height_tablet":0,"ocean_menu_typo_line_height_mobile":0,"ocean_menu_typo_line_height_unit":"","ocean_menu_typo_spacing":0,"ocean_menu_typo_spacing_tablet":0,"ocean_menu_typo_spacing_mobile":0,"ocean_menu_typo_spacing_unit":"","ocean_menu_link_color":"","ocean_menu_link_color_hover":"","ocean_menu_link_color_active":"","ocean_menu_link_background":"","ocean_menu_link_hover_background":"","ocean_menu_link_active_background":"","ocean_menu_social_links_bg":"","ocean_menu_social_hover_links_bg":"","ocean_menu_social_links_color":"","ocean_menu_social_hover_links_color":"","ocean_disable_title":"default","ocean_disable_heading":"default","ocean_post_title":"","ocean_post_subheading":"","ocean_post_title_style":"","ocean_post_title_background_color":"","ocean_post_title_background":0,"ocean_post_title_bg_image_position":"","ocean_post_title_bg_image_attachment":"","ocean_post_title_bg_image_repeat":"","ocean_post_title_bg_image_size":"","ocean_post_title_height":0,"ocean_post_title_bg_overlay":0.5,"ocean_post_title_bg_overlay_color":"","ocean_disable_breadcrumbs":"default","ocean_breadcrumbs_color":"","ocean_breadcrumbs_separator_color":"","ocean_breadcrumbs_links_color":"","ocean_breadcrumbs_links_hover_color":"","ocean_display_footer_widgets":"default","ocean_display_footer_bottom":"default","ocean_custom_footer_template":"","footnotes":""},"class_list":["post-2534","page","type-page","status-publish","hentry","entry"],"yoast_head":"<!-- This site is optimized with the Yoast SEO plugin v27.5 - https:\/\/yoast.com\/product\/yoast-seo-wordpress\/ -->\n<title>Blog - Aerobno vje\u017ebanje-nordijsko hodanje<\/title>\n<meta name=\"robots\" content=\"index, follow, max-snippet:-1, max-image-preview:large, max-video-preview:-1\" \/>\n<link rel=\"canonical\" href=\"https:\/\/aerobnarekreacija.com\/?page_id=2534\" \/>\n<meta property=\"og:locale\" content=\"hr_HR\" \/>\n<meta property=\"og:type\" content=\"article\" \/>\n<meta property=\"og:title\" content=\"Blog - Aerobno vje\u017ebanje-nordijsko hodanje\" \/>\n<meta property=\"og:description\" content=\"Uncategorized 28 o\u017eujka 2022 Probica Welcome to WordPress. This is your first post. Edit or delete it, then start writing! Read More\" \/>\n<meta property=\"og:url\" content=\"https:\/\/aerobnarekreacija.com\/?page_id=2534\" \/>\n<meta property=\"og:site_name\" content=\"Aerobno vje\u017ebanje-nordijsko hodanje\" \/>\n<meta property=\"article:modified_time\" content=\"2022-05-20T07:20:13+00:00\" \/>\n<meta name=\"twitter:card\" content=\"summary_large_image\" \/>\n<script type=\"application\/ld+json\" class=\"yoast-schema-graph\">{\"@context\":\"https:\\\/\\\/schema.org\",\"@graph\":[{\"@type\":\"WebPage\",\"@id\":\"https:\\\/\\\/aerobnarekreacija.com\\\/?page_id=2534\",\"url\":\"https:\\\/\\\/aerobnarekreacija.com\\\/?page_id=2534\",\"name\":\"Blog - Aerobno vje\u017ebanje-nordijsko hodanje\",\"isPartOf\":{\"@id\":\"https:\\\/\\\/aerobnarekreacija.com\\\/#website\"},\"datePublished\":\"2022-05-17T07:52:13+00:00\",\"dateModified\":\"2022-05-20T07:20:13+00:00\",\"breadcrumb\":{\"@id\":\"https:\\\/\\\/aerobnarekreacija.com\\\/?page_id=2534#breadcrumb\"},\"inLanguage\":\"hr\",\"potentialAction\":[{\"@type\":\"ReadAction\",\"target\":[\"https:\\\/\\\/aerobnarekreacija.com\\\/?page_id=2534\"]}]},{\"@type\":\"BreadcrumbList\",\"@id\":\"https:\\\/\\\/aerobnarekreacija.com\\\/?page_id=2534#breadcrumb\",\"itemListElement\":[{\"@type\":\"ListItem\",\"position\":1,\"name\":\"Home\",\"item\":\"https:\\\/\\\/aerobnarekreacija.com\\\/\"},{\"@type\":\"ListItem\",\"position\":2,\"name\":\"Blog\"}]},{\"@type\":\"WebSite\",\"@id\":\"https:\\\/\\\/aerobnarekreacija.com\\\/#website\",\"url\":\"https:\\\/\\\/aerobnarekreacija.com\\\/\",\"name\":\"Aerobno vje\u017ebanje-nordijsko hodanje\",\"description\":\"Aerobno vje\u017ebanje i pobolj\u0161anje zdravlja i  plu\u0107no sr\u010dane kondicije\",\"potentialAction\":[{\"@type\":\"SearchAction\",\"target\":{\"@type\":\"EntryPoint\",\"urlTemplate\":\"https:\\\/\\\/aerobnarekreacija.com\\\/?s={search_term_string}\"},\"query-input\":{\"@type\":\"PropertyValueSpecification\",\"valueRequired\":true,\"valueName\":\"search_term_string\"}}],\"inLanguage\":\"hr\"}]}<\/script>\n<!-- \/ Yoast SEO plugin. -->","yoast_head_json":{"title":"Blog - Aerobno vje\u017ebanje-nordijsko hodanje","robots":{"index":"index","follow":"follow","max-snippet":"max-snippet:-1","max-image-preview":"max-image-preview:large","max-video-preview":"max-video-preview:-1"},"canonical":"https:\/\/aerobnarekreacija.com\/?page_id=2534","og_locale":"hr_HR","og_type":"article","og_title":"Blog - Aerobno vje\u017ebanje-nordijsko hodanje","og_description":"Uncategorized 28 o\u017eujka 2022 Probica Welcome to WordPress. This is your first post. Edit or delete it, then start writing! Read More","og_url":"https:\/\/aerobnarekreacija.com\/?page_id=2534","og_site_name":"Aerobno vje\u017ebanje-nordijsko hodanje","article_modified_time":"2022-05-20T07:20:13+00:00","twitter_card":"summary_large_image","schema":{"@context":"https:\/\/schema.org","@graph":[{"@type":"WebPage","@id":"https:\/\/aerobnarekreacija.com\/?page_id=2534","url":"https:\/\/aerobnarekreacija.com\/?page_id=2534","name":"Blog - Aerobno vje\u017ebanje-nordijsko hodanje","isPartOf":{"@id":"https:\/\/aerobnarekreacija.com\/#website"},"datePublished":"2022-05-17T07:52:13+00:00","dateModified":"2022-05-20T07:20:13+00:00","breadcrumb":{"@id":"https:\/\/aerobnarekreacija.com\/?page_id=2534#breadcrumb"},"inLanguage":"hr","potentialAction":[{"@type":"ReadAction","target":["https:\/\/aerobnarekreacija.com\/?page_id=2534"]}]},{"@type":"BreadcrumbList","@id":"https:\/\/aerobnarekreacija.com\/?page_id=2534#breadcrumb","itemListElement":[{"@type":"ListItem","position":1,"name":"Home","item":"https:\/\/aerobnarekreacija.com\/"},{"@type":"ListItem","position":2,"name":"Blog"}]},{"@type":"WebSite","@id":"https:\/\/aerobnarekreacija.com\/#website","url":"https:\/\/aerobnarekreacija.com\/","name":"Aerobno vje\u017ebanje-nordijsko hodanje","description":"Aerobno vje\u017ebanje i pobolj\u0161anje zdravlja i  plu\u0107no sr\u010dane kondicije","potentialAction":[{"@type":"SearchAction","target":{"@type":"EntryPoint","urlTemplate":"https:\/\/aerobnarekreacija.com\/?s={search_term_string}"},"query-input":{"@type":"PropertyValueSpecification","valueRequired":true,"valueName":"search_term_string"}}],"inLanguage":"hr"}]}},"jetpack_sharing_enabled":true,"_links":{"self":[{"href":"https:\/\/aerobnarekreacija.com\/index.php?rest_route=\/wp\/v2\/pages\/2534","targetHints":{"allow":["GET"]}}],"collection":[{"href":"https:\/\/aerobnarekreacija.com\/index.php?rest_route=\/wp\/v2\/pages"}],"about":[{"href":"https:\/\/aerobnarekreacija.com\/index.php?rest_route=\/wp\/v2\/types\/page"}],"author":[{"embeddable":true,"href":"https:\/\/aerobnarekreacija.com\/index.php?rest_route=\/wp\/v2\/users\/1"}],"replies":[{"embeddable":true,"href":"https:\/\/aerobnarekreacija.com\/index.php?rest_route=%2Fwp%2Fv2%2Fcomments&post=2534"}],"version-history":[{"count":5,"href":"https:\/\/aerobnarekreacija.com\/index.php?rest_route=\/wp\/v2\/pages\/2534\/revisions"}],"predecessor-version":[{"id":2564,"href":"https:\/\/aerobnarekreacija.com\/index.php?rest_route=\/wp\/v2\/pages\/2534\/revisions\/2564"}],"wp:attachment":[{"href":"https:\/\/aerobnarekreacija.com\/index.php?rest_route=%2Fwp%2Fv2%2Fmedia&parent=2534"}],"curies":[{"name":"wp","href":"https:\/\/api.w.org\/{rel}","templated":true}]}}